{"id":2250,"date":"2022-07-08T06:46:08","date_gmt":"2022-07-08T06:46:08","guid":{"rendered":"https:\/\/sport-stubai.com\/gtc\/"},"modified":"2022-09-23T08:37:04","modified_gmt":"2022-09-23T08:37:04","slug":"gtc","status":"publish","type":"page","link":"https:\/\/sport-stubai.com\/en\/gtc\/","title":{"rendered":"GTC"},"content":{"rendered":"\t\t<div data-elementor-type=\"wp-page\" data-elementor-id=\"2250\" class=\"elementor elementor-2250 elementor-813\" data-elementor-post-type=\"page\">\n\t\t\t\t\t\t<section class=\"elementor-section elementor-top-section elementor-element elementor-element-5849faa elementor-section-boxed elementor-section-height-default elementor-section-height-default\" data-id=\"5849faa\" data-element_type=\"section\" data-e-type=\"section\">\n\t\t\t\t\t\t<div class=\"elementor-container elementor-column-gap-default\">\n\t\t\t\t\t<div class=\"elementor-column elementor-col-100 elementor-top-column elementor-element elementor-element-94c8edd\" data-id=\"94c8edd\" data-element_type=\"column\" data-e-type=\"column\">\n\t\t\t<div class=\"elementor-widget-wrap elementor-element-populated\">\n\t\t\t\t\t\t<div class=\"elementor-element elementor-element-325ae80 elementor-widget elementor-widget-heading\" data-id=\"325ae80\" data-element_type=\"widget\" data-e-type=\"widget\" data-widget_type=\"heading.default\">\n\t\t\t\t<div class=\"elementor-widget-container\">\n\t\t\t\t\t<h2 class=\"elementor-heading-title elementor-size-default\">GTC - Sport Stubai OG<\/h2>\t\t\t\t<\/div>\n\t\t\t\t<\/div>\n\t\t\t\t<div class=\"elementor-element elementor-element-1d7cd47 link-rot elementor-widget elementor-widget-text-editor\" data-id=\"1d7cd47\" data-element_type=\"widget\" data-e-type=\"widget\" data-widget_type=\"text-editor.default\">\n\t\t\t\t<div class=\"elementor-widget-container\">\n\t\t\t\t\t\t\t\t\t<p>Allgemeine Gesch\u00e4ftsbedingungen Regeln und Leihbedingungen<\/p>\n<p>1. Der Mieter tr\u00e4gt die volle Verantwortung f\u00fcr das ausgeliehene Material. Die Ausr\u00fcstung ist einzig zur Verwendung durch den Kunden allein bestimmt, ohne M\u00f6glichkeit der Untervermietung oder auch der kostenlosen Weitergabe.<\/p>\n<p>2. Das Verleihmaterial ist nicht gegen Bruch und Diebstahl versichert. Bei Diebstahl ist eine polizeiliche Meldung erforderlich und es gelten folgende Selbstbehalte:<br \/>WINTER:\u00a0 PREMIUM Class \u20ac 450.- VIP Class \u20ac 250.- ECONOMY\/SNOWBOARD Class \u20ac 150.- Kinder\/Junior 90.- St\u00f6cke \u20ac 20.-<br \/>SOMMER: E-bike: \u20ac 2.200.- MTB Hardtail: \u20ac 500.- MTB Fully: \u20ac 1500.- Abgefahrene Reifen \u20ac 40.-<\/p>\n<p>F\u00fcr alle \u00fcbrigen Artikel ist der Zeitwert zu ersetzen! Der Selbstbehalt gilt nur bei Vorlage einer polizeilichen Meldung.<\/p>\n<p>3. Es besteht die M\u00f6glichkeit Ihre von uns gemieteten Artikel zu versichern. (Dies ist bei den Sommerverleihartikeln nicht m\u00f6glich!) Somit ist im Falle eines Diebstahls und bei Besch\u00e4digung von der versicherten Person kein Selbstbehalt zu bezahlen.<br \/>Versicherungsbedingungen:<br \/>\u2022\u00a0\u00a0 \u00a0Bei Diebstahl eines Mietger\u00e4tes ist bei der am Schadensort zust\u00e4ndigen Polizei unverz\u00fcglich Anzeige zu erstatten!<br \/>\u2022\u00a0\u00a0 \u00a0Ohne Anzeige bei der \u00f6rtlichen Polizei ist die Versicherung nicht g\u00fcltig!<br \/>\u2022\u00a0\u00a0 \u00a0Die Versicherung gilt erst nach vollst\u00e4ndiger Bezahlung der Versicherungspr\u00e4mie!<br \/>\u2022\u00a0\u00a0 \u00a0Die Versicherung ist von Mietbeginn an maximal 14 Tage lang g\u00fcltig und gilt f\u00fcr alle Mietartikel der versicherten Person bei der Firma Sport Stubai OG.<br \/>\u2022\u00a0\u00a0 \u00a0Die Versicherung ist Personenbezogen und kann nicht an Dritte weitergegeben werden!<br \/>\u2022\u00a0\u00a0 \u00a0Bei Diebstahl aus ortsfesten R\u00e4umen (Skikeller) und an Apr\u00e9ski-Bars entf\u00e4llt die Zust\u00e4ndigkeit dieser Versicherung.<\/p>\n<p>4. Im Falle von Diebstahl oder Verlust des Leihobjekts muss der Kunde jedenfalls bei der lokalen POLIZEI Anzeige erstatten.<\/p>\n<p>5. Bei unsachgem\u00e4\u00dfer Verwendung und daraus folgender Besch\u00e4digung des Materials ohne Haftungsvereinbarung wird die Reparatur laut g\u00fcltiger Preisliste dem Mieter in Rechnung gestellt.<\/p>\n<p>6. Der Umtausch des ausgeliehenen Materials\u00a0 w\u00e4hrend der Vertragsdauer gegen gleichwertige Artikel ist jederzeit m\u00f6glich. Auch Tausch gegen Artikel h\u00f6herer Kategorien ist gegen Aufpreis m\u00f6glich, jedoch ist eine R\u00fcckerstattung beim Tausch gegen Artikel preiswerterer Kategorien nicht m\u00f6glich.<\/p>\n<p>7. Das Leihmaterial muss bis zum Tag der R\u00fcckgabe bezahlt werden. Sp\u00e4tester R\u00fcckgabetermin ist 09:30 Uhr morgens des darauf folgenden Tages.<\/p>\n<p>8. Der Verleihtarif gilt nur f\u00fcr aufeinanderfolgende Tage.<\/p>\n<p>9. Im Falle, dass das geliehene Material, aus welchen Gr\u00fcnden auch immer, nicht an dem bei der Ausleihe vereinbarten Tag zur\u00fcckgegeben wird, wird seitens des Vermieters am 7. Tag der \u00dcberf\u00e4lligkeit automatisch Anzeige wegen Diebstahls gegen den Mieter erstattet.<\/p>\n<p>10. Bei Krankheit und\/oder Unfall wird unter Vorlage eines \u00e4rztlichen Attests der bezahlte Verleihpreis nach Absprache mit dem Personal r\u00fcckerstattet.<br \/>11. F\u00fcr die Montage, die Reparatur und die Einstellung einer Skibindung ist ein regul\u00e4rer Mietvertrag erforderlich. Mit Ihrer Unterschrift erkl\u00e4ren Sie sich mit der fachgerechten Bindungseinstellung laut Anweisungen des Herstellers einverstanden und akzeptieren das Reglement sowie die Leihbedingungen.<\/p>\n<p>12. Der Abschluss eines Mietvertrages ist nur mittels eines Ausweises oder einer Kreditkarte m\u00f6glich. Der Vermieter ist berechtigt, eine Sicherstellung in Form der Hinterlegung eines Dokumentes (Reisepass, Personalausweis, F\u00fchrerschein) oder auch einer Kaution zu verlangen. Die Hinterlegung einer Sicherstellung gilt nicht als m\u00f6glicher Kaufpreis f\u00fcr die Ausr\u00fcstungsteile.<\/p>\n<p>13. Vermietungen nach 16:00 Uhr werden erst ab dem darauffolgenden Kalendertag berechnet. Bei R\u00fcckgabe des Mietgegenstandes vor 09:30 Uhr wird der laufende Kalendertag nicht berechnet.<\/p>\n<p>14. BINDUNGSEINSTELLUNG\u00a0 BEI VERLEIHSKIERN: Wir empfehlen allen Skimietern die elektronische Skibindungspr\u00fcfung gem\u00e4\u00df ISO- Norm 11088 zum Sonderpreis von \u20ac 7,\u2013. Sollten Sie sich nicht f\u00fcr diese elektronische Bindungseinstellung entscheiden, wird die Skibindung h\u00e4ndisch normgerecht nach der ISO Tabelle eingestellt. Die Richtigkeit von ihren angegebenen K\u00f6rperdaten ist f\u00fcr die Einstellung nach ISO-Zahl Voraussetzung<\/p>\n<p>15. F\u00fcr Unf\u00e4lle aller Art wird keine Haftung \u00fcbernommen, insbesondere haftet der Vermieter nicht f\u00fcr Sch\u00e4den, die aufgrund einer falschen Angabe des Mieters \u2013 insbesondere im Zusammenhang mit der Bindungseinstellung \u2013 entstehen.<\/p>\n<p>16. Im Fall von mutwilligen Besch\u00e4digungen hat der Mieter die Reparaturkosten zu zahlen. Sollte eine Reparatur aus diesem Grund nicht m\u00f6glich sein, ersetzt der Mieter den Zeitwert des Produktes. F\u00fcr den Fahrradverleih gilt: Wird beim Fahrradreifen das Profil mutwillig abgebremst, ist dieser zu ersetzen.<\/p>\n<p>17. Die Verleihkosten sind durch die vom Kunden gew\u00e4hlte Kategorie, sowie den gew\u00e4hlten Zeitraum der Vermietung gem\u00e4\u00df unseren Tarifen f\u00fcr den Verleih, die auf unserer Homepage zu finden sind, festgelegt. Unsere Preise sind inklusive aller Steuern, in der zu dem Zeitpunkt der Vermietung geltenden H\u00f6he.<\/p>\n<p>18. Die Bezahlung erfolgt immer vor Ort in der jeweiligen Filiale mittels Kreditkarte (VISA, MASTERCARD), EC-Maestro Card oder Bar.<\/p>\n<p>19. Pers\u00f6nliche Daten<br \/>Sport Stubai OG verarbeitet personenbezogene Daten des Kunden zweckgebunden und gem\u00e4\u00df den gesetzlichen Bestimmungen. Die zum Zwecke der Vermietung angegebenen pers\u00f6nlichen Daten werden zur Erf\u00fcllung und Abwicklung des Vertrags verwendet. Diese Daten werden von uns vertraulich behandelt und nicht an dritte weitergegeben, die nicht am Bestell-, Auslieferungs- und Zahlungsvorgang beteiligt sind.<\/p>\n<p>20. Gerichtsstand ist jeweils das Bezirksgericht Innsbruck.<\/p>\n<p>Stand 16.03.2016<\/p>\n\t\t\t\t\t\t\t\t<\/div>\n\t\t\t\t<\/div>\n\t\t\t\t\t<\/div>\n\t\t<\/div>\n\t\t\t\t\t<\/div>\n\t\t<\/section>\n\t\t\t\t<\/div>\n\t\t","protected":false},"excerpt":{"rendered":"<p>GTC &#8211; Sport Stubai OG Allgemeine Gesch\u00e4ftsbedingungen Regeln und Leihbedingungen 1. Der Mieter tr\u00e4gt die volle Verantwortung f\u00fcr das ausgeliehene Material. Die Ausr\u00fcstung ist einzig zur Verwendung durch den Kunden allein bestimmt, ohne M\u00f6glichkeit der Untervermietung oder auch der kostenlosen Weitergabe. 2. Das Verleihmaterial ist nicht gegen Bruch und Diebstahl versichert. Bei Diebstahl ist eine [&hellip;]<\/p>\n","protected":false},"author":3,"featured_media":0,"parent":0,"menu_order":12,"comment_status":"closed","ping_status":"closed","template":"","meta":{"footnotes":""},"class_list":["post-2250","page","type-page","status-publish","hentry"],"yoast_head":"<!-- This site is optimized with the Yoast SEO plugin v27.4 - https:\/\/yoast.com\/product\/yoast-seo-wordpress\/ -->\n<title>Sport Stubai | Stubaital | Neustift | Neder | Winter | Summer | Rental<\/title>\n<meta name=\"description\" content=\"Whether summer or winter - at Sport Stubai you get the right equipment for every activity. Starting with skis up to paragliding.\" \/>\n<meta name=\"robots\" content=\"index, follow, max-snippet:-1, max-image-preview:large, max-video-preview:-1\" \/>\n<link rel=\"canonical\" href=\"https:\/\/sport-stubai.com\/en\/gtc\/\" \/>\n<meta property=\"og:locale\" content=\"en_US\" \/>\n<meta property=\"og:type\" content=\"article\" \/>\n<meta property=\"og:title\" content=\"Sport Stubai | Stubaital | Neustift | Neder | Winter | Summer | Rental\" \/>\n<meta property=\"og:description\" content=\"Whether summer or winter - at Sport Stubai you get the right equipment for every activity. Starting with skis up to paragliding.\" \/>\n<meta property=\"og:url\" content=\"https:\/\/sport-stubai.com\/en\/gtc\/\" \/>\n<meta property=\"og:site_name\" content=\"Sport Stubai\" \/>\n<meta property=\"article:modified_time\" content=\"2022-09-23T08:37:04+00:00\" \/>\n<meta name=\"twitter:card\" content=\"summary_large_image\" \/>\n<meta name=\"twitter:label1\" content=\"Est. reading time\" \/>\n\t<meta name=\"twitter:data1\" content=\"4 minutes\" \/>\n<script type=\"application\/ld+json\" class=\"yoast-schema-graph\">{\"@context\":\"https:\\\/\\\/schema.org\",\"@graph\":[{\"@type\":\"WebPage\",\"@id\":\"https:\\\/\\\/sport-stubai.com\\\/en\\\/gtc\\\/\",\"url\":\"https:\\\/\\\/sport-stubai.com\\\/en\\\/gtc\\\/\",\"name\":\"Sport Stubai | Stubaital | Neustift | Neder | Winter | Summer | Rental\",\"isPartOf\":{\"@id\":\"https:\\\/\\\/sport-stubai.com\\\/en\\\/#website\"},\"datePublished\":\"2022-07-08T06:46:08+00:00\",\"dateModified\":\"2022-09-23T08:37:04+00:00\",\"description\":\"Whether summer or winter - at Sport Stubai you get the right equipment for every activity. Starting with skis up to paragliding.\",\"breadcrumb\":{\"@id\":\"https:\\\/\\\/sport-stubai.com\\\/en\\\/gtc\\\/#breadcrumb\"},\"inLanguage\":\"en-US\",\"potentialAction\":[{\"@type\":\"ReadAction\",\"target\":[\"https:\\\/\\\/sport-stubai.com\\\/en\\\/gtc\\\/\"]}]},{\"@type\":\"BreadcrumbList\",\"@id\":\"https:\\\/\\\/sport-stubai.com\\\/en\\\/gtc\\\/#breadcrumb\",\"itemListElement\":[{\"@type\":\"ListItem\",\"position\":1,\"name\":\"Startseite\",\"item\":\"https:\\\/\\\/sport-stubai.com\\\/en\\\/\"},{\"@type\":\"ListItem\",\"position\":2,\"name\":\"GTC\"}]},{\"@type\":\"WebSite\",\"@id\":\"https:\\\/\\\/sport-stubai.com\\\/en\\\/#website\",\"url\":\"https:\\\/\\\/sport-stubai.com\\\/en\\\/\",\"name\":\"Sport Stubai\",\"description\":\"Ihr Partner in Sachen Sport\",\"potentialAction\":[{\"@type\":\"SearchAction\",\"target\":{\"@type\":\"EntryPoint\",\"urlTemplate\":\"https:\\\/\\\/sport-stubai.com\\\/en\\\/?s={search_term_string}\"},\"query-input\":{\"@type\":\"PropertyValueSpecification\",\"valueRequired\":true,\"valueName\":\"search_term_string\"}}],\"inLanguage\":\"en-US\"}]}<\/script>\n<!-- \/ Yoast SEO plugin. -->","yoast_head_json":{"title":"Sport Stubai | Stubaital | Neustift | Neder | Winter | Summer | Rental","description":"Whether summer or winter - at Sport Stubai you get the right equipment for every activity. Starting with skis up to paragliding.","robots":{"index":"index","follow":"follow","max-snippet":"max-snippet:-1","max-image-preview":"max-image-preview:large","max-video-preview":"max-video-preview:-1"},"canonical":"https:\/\/sport-stubai.com\/en\/gtc\/","og_locale":"en_US","og_type":"article","og_title":"Sport Stubai | Stubaital | Neustift | Neder | Winter | Summer | Rental","og_description":"Whether summer or winter - at Sport Stubai you get the right equipment for every activity. Starting with skis up to paragliding.","og_url":"https:\/\/sport-stubai.com\/en\/gtc\/","og_site_name":"Sport Stubai","article_modified_time":"2022-09-23T08:37:04+00:00","twitter_card":"summary_large_image","twitter_misc":{"Est. reading time":"4 minutes"},"schema":{"@context":"https:\/\/schema.org","@graph":[{"@type":"WebPage","@id":"https:\/\/sport-stubai.com\/en\/gtc\/","url":"https:\/\/sport-stubai.com\/en\/gtc\/","name":"Sport Stubai | Stubaital | Neustift | Neder | Winter | Summer | Rental","isPartOf":{"@id":"https:\/\/sport-stubai.com\/en\/#website"},"datePublished":"2022-07-08T06:46:08+00:00","dateModified":"2022-09-23T08:37:04+00:00","description":"Whether summer or winter - at Sport Stubai you get the right equipment for every activity. Starting with skis up to paragliding.","breadcrumb":{"@id":"https:\/\/sport-stubai.com\/en\/gtc\/#breadcrumb"},"inLanguage":"en-US","potentialAction":[{"@type":"ReadAction","target":["https:\/\/sport-stubai.com\/en\/gtc\/"]}]},{"@type":"BreadcrumbList","@id":"https:\/\/sport-stubai.com\/en\/gtc\/#breadcrumb","itemListElement":[{"@type":"ListItem","position":1,"name":"Startseite","item":"https:\/\/sport-stubai.com\/en\/"},{"@type":"ListItem","position":2,"name":"GTC"}]},{"@type":"WebSite","@id":"https:\/\/sport-stubai.com\/en\/#website","url":"https:\/\/sport-stubai.com\/en\/","name":"Sport Stubai","description":"Ihr Partner in Sachen Sport","potentialAction":[{"@type":"SearchAction","target":{"@type":"EntryPoint","urlTemplate":"https:\/\/sport-stubai.com\/en\/?s={search_term_string}"},"query-input":{"@type":"PropertyValueSpecification","valueRequired":true,"valueName":"search_term_string"}}],"inLanguage":"en-US"}]}},"_links":{"self":[{"href":"https:\/\/sport-stubai.com\/en\/wp-json\/wp\/v2\/pages\/2250","targetHints":{"allow":["GET"]}}],"collection":[{"href":"https:\/\/sport-stubai.com\/en\/wp-json\/wp\/v2\/pages"}],"about":[{"href":"https:\/\/sport-stubai.com\/en\/wp-json\/wp\/v2\/types\/page"}],"author":[{"embeddable":true,"href":"https:\/\/sport-stubai.com\/en\/wp-json\/wp\/v2\/users\/3"}],"replies":[{"embeddable":true,"href":"https:\/\/sport-stubai.com\/en\/wp-json\/wp\/v2\/comments?post=2250"}],"version-history":[{"count":1,"href":"https:\/\/sport-stubai.com\/en\/wp-json\/wp\/v2\/pages\/2250\/revisions"}],"predecessor-version":[{"id":2251,"href":"https:\/\/sport-stubai.com\/en\/wp-json\/wp\/v2\/pages\/2250\/revisions\/2251"}],"wp:attachment":[{"href":"https:\/\/sport-stubai.com\/en\/wp-json\/wp\/v2\/media?parent=2250"}],"curies":[{"name":"wp","href":"https:\/\/api.w.org\/{rel}","templated":true}]}}